{"id":9216,"date":"2023-11-30T05:01:42","date_gmt":"2023-11-30T05:01:42","guid":{"rendered":"http:\/\/karelsartgallery.com\/?page_id=9216"},"modified":"2024-03-12T07:26:45","modified_gmt":"2024-03-12T07:26:45","slug":"cookies-policy","status":"publish","type":"page","link":"https:\/\/karelsartgallery.com\/es\/cookies-policy\/","title":{"rendered":"Pol\u00edticia de Cookies"},"content":{"rendered":"\t\t<div data-elementor-type=\"wp-page\" data-elementor-id=\"9216\" class=\"elementor elementor-9216\" data-elementor-post-type=\"page\">\n\t\t\t\t\t\t<section class=\"elementor-section elementor-top-section elementor-element elementor-element-f7373d4 elementor-section-full_width elementor-section-height-default elementor-section-height-default\" data-id=\"f7373d4\" data-element_type=\"section\" data-e-type=\"section\" data-settings=\"{&quot;background_background&quot;:&quot;classic&quot;}\">\n\t\t\t\t\t\t<div class=\"elementor-container elementor-column-gap-default\">\n\t\t\t\t\t<div class=\"elementor-column elementor-col-100 elementor-top-column elementor-element elementor-element-6bcd1dc4\" data-id=\"6bcd1dc4\" data-element_type=\"column\" data-e-type=\"column\" data-settings=\"{&quot;background_background&quot;:&quot;classic&quot;}\">\n\t\t\t<div class=\"elementor-widget-wrap elementor-element-populated\">\n\t\t\t\t\t\t<div class=\"elementor-element elementor-element-76274fbd elementor-widget elementor-widget-image\" data-id=\"76274fbd\" data-element_type=\"widget\" data-e-type=\"widget\" data-widget_type=\"image.default\">\n\t\t\t\t<div class=\"elementor-widget-container\">\n\t\t\t\t\t\t\t\t\t\t\t\t\t\t\t<img fetchpriority=\"high\" decoding=\"async\" width=\"3840\" height=\"1148\" src=\"https:\/\/karelsartgallery.com\/wp-content\/uploads\/2023\/11\/cuadro20-@2x-2.png\" class=\"attachment-full size-full wp-image-9481\" alt=\"\" srcset=\"https:\/\/karelsartgallery.com\/wp-content\/uploads\/2023\/11\/cuadro20-@2x-2.png 3840w, https:\/\/karelsartgallery.com\/wp-content\/uploads\/2023\/11\/cuadro20-@2x-2-300x90.png 300w, https:\/\/karelsartgallery.com\/wp-content\/uploads\/2023\/11\/cuadro20-@2x-2-1024x306.png 1024w, https:\/\/karelsartgallery.com\/wp-content\/uploads\/2023\/11\/cuadro20-@2x-2-768x230.png 768w, https:\/\/karelsartgallery.com\/wp-content\/uploads\/2023\/11\/cuadro20-@2x-2-1536x459.png 1536w, https:\/\/karelsartgallery.com\/wp-content\/uploads\/2023\/11\/cuadro20-@2x-2-2048x612.png 2048w\" sizes=\"(max-width: 3840px) 100vw, 3840px\" \/>\t\t\t\t\t\t\t\t\t\t\t\t\t\t\t<\/div>\n\t\t\t\t<\/div>\n\t\t\t\t\t<\/div>\n\t\t<\/div>\n\t\t\t\t\t<\/div>\n\t\t<\/section>\n\t\t<div class=\"elementor-element elementor-element-14e952be e-flex e-con-boxed e-con e-parent\" data-id=\"14e952be\" data-element_type=\"container\" data-e-type=\"container\">\n\t\t\t\t\t<div class=\"e-con-inner\">\n\t\t\t\t<div class=\"elementor-element elementor-element-43733d9a elementor-widget elementor-widget-text-editor\" data-id=\"43733d9a\" data-element_type=\"widget\" data-e-type=\"widget\" data-widget_type=\"text-editor.default\">\n\t\t\t\t<div class=\"elementor-widget-container\">\n\t\t\t\t\t\t\t\t\t<h2>Pol\u00edtica de Cookies<\/h2>\n<p>Esta pol\u00edtica de cookies ha sido actualizada por \u00faltima vez el [fecha de actualizaci\u00f3n] y se aplica a los ciudadanos y residentes legales permanentes del Espacio Econ\u00f3mico Europeo y Suiza.<\/p>\n<p><strong>1. Introducci\u00f3n<\/strong><\/p>\n<p>Nuestro sitio web, <a href=\"https:\/\/karelsartgallery.com\/\">https:\/\/karelsartgallery.com\/<\/a> (en adelante: &#8220;el sitio web&#8221;), utiliza cookies y otras tecnolog\u00edas relacionadas (por conveniencia, todas las tecnolog\u00edas se denominan &#8220;cookies&#8221;). Las cookies tambi\u00e9n son colocadas por terceros que hemos contratado. En el documento a continuaci\u00f3n, informamos sobre el uso de cookies en nuestro sitio web.<\/p>\n<p><strong>2. \u00bfQu\u00e9 son las cookies?<\/strong><\/p>\n<p>Una cookie es un archivo peque\u00f1o enviado junto con las p\u00e1ginas de este sitio web y almacenado por su navegador en el disco duro de su computadora o en otro dispositivo. La informaci\u00f3n almacenada all\u00ed puede ser devuelta a nuestros servidores o a los servidores de los terceros relevantes durante una visita posterior.<\/p>\n<p><strong>3. \u00bfQu\u00e9 son los scripts?<\/strong><\/p>\n<p>Un script es un fragmento de c\u00f3digo de programa que se utiliza para que nuestro sitio web funcione correctamente y de forma interactiva. Este c\u00f3digo se ejecuta en nuestro servidor o en su dispositivo.<\/p>\n<p><strong>4. Consentimiento<\/strong><\/p>\n<p>Cuando visite nuestro sitio web por primera vez, le mostraremos una ventana emergente con una explicaci\u00f3n sobre las cookies. Tan pronto como haga clic en &#8220;Guardar preferencias&#8221;, usted consiente en que usemos las categor\u00edas de cookies y complementos que seleccion\u00f3 en la ventana emergente, tal como se describe en esta pol\u00edtica de cookies. Puede deshabilitar el uso de cookies a trav\u00e9s de su navegador, pero tenga en cuenta que nuestro sitio web puede dejar de funcionar correctamente.<\/p>\n<p><strong>5. Cookies<\/strong><\/p>\n<p>5.1 Cookies t\u00e9cnicas o funcionales<\/p>\n<p>Algunas cookies aseguran que ciertas partes del sitio web funcionen correctamente y que sus preferencias de usuario sigan siendo conocidas. Al colocar cookies funcionales, le facilitamos la visita a nuestro sitio web. De esta manera, no necesita ingresar repetidamente la misma informaci\u00f3n cuando visita nuestro sitio web y, por ejemplo, los art\u00edculos permanecen en su carrito de compras hasta que haya pagado. Podemos colocar estas cookies sin su consentimiento.<\/p>\n<p>5.2 Cookies anal\u00edticas<\/p>\n<p>Utilizamos cookies anal\u00edticas para optimizar la experiencia del sitio web para nuestros usuarios. Con estas cookies anal\u00edticas, obtenemos conocimientos del uso de nuestro sitio web. Pedimos su permiso para colocar cookies anal\u00edticas.<\/p>\n<p>5.3 Cookies de publicidad<\/p>\n<p>En este sitio web utilizamos cookies publicitarias, que nos permiten personalizar los anuncios para usted, y nosotros (y terceros) obtenemos informaci\u00f3n sobre los resultados de la campa\u00f1a. Esto se hace en base a un perfil que creamos en base a su clic y navegaci\u00f3n dentro y fuera de <a href=\"https:\/\/karelsartgallery.com\/\">https:\/\/karelsartgallery.com\/<\/a>. Con estas cookies usted, como visitante del sitio web, est\u00e1 vinculado a un ID \u00fanico, pero no implicar\u00e1 que se perfilen su comportamiento y preferencias para personalizar los anuncios.<\/p>\n<p>5.4 Botones de redes sociales<\/p>\n<p>En nuestro sitio web hemos incluido botones para Facebook, Twitter y LinkedIn para promocionar p\u00e1ginas web (por ejemplo, &#8220;me gusta&#8221;, &#8220;pin&#8221;) o compartir (por ejemplo, &#8220;tweet&#8221;) en redes sociales como Facebook, Twitter y LinkedIn. Estos botones funcionan usando piezas de c\u00f3digo provenientes de las propias redes sociales. Este c\u00f3digo coloca cookies. Estos botones de redes sociales tambi\u00e9n pueden almacenar y procesar cierta informaci\u00f3n, de modo que se le pueda mostrar un anuncio personalizado.<\/p>\n<p>Por favor, lea la pol\u00edtica de privacidad de estas redes sociales (que puede cambiar con frecuencia) para saber qu\u00e9 hacen con sus datos (personales) que procesan usando estas cookies. Los datos que se recuperan se anonimizan tanto como sea posible. Facebook, Twitter y LinkedIn est\u00e1n ubicados en Estados Unidos.<\/p>\n<p><strong>6. Cookies colocadas<\/strong><\/p>\n<table>\n<thead>\n<tr>\n<th>Nombre<\/th>\n<th>Dominio<\/th>\n<th>Tipo<\/th>\n<th>Duraci\u00f3n<\/th>\n<th>Descripci\u00f3n<\/th>\n<\/tr>\n<\/thead>\n<tbody>\n<tr>\n<td>_ga<\/td>\n<td>.karelsartgallery.com<\/td>\n<td>An\u00e1litica<\/td>\n<td>2 a\u00f1os<\/td>\n<td>Se utiliza para distinguir a los usuarios.<\/td>\n<\/tr>\n<tr>\n<td>_ga_23NVJ3HCM3<\/td>\n<td>.karelsartgallery.com<\/td>\n<td>An\u00e1litica<\/td>\n<td>2 a\u00f1os<\/td>\n<td>Se utiliza para mantener el estado de la sesi\u00f3n.<\/td>\n<\/tr>\n<tr>\n<td>_icl_visitor_lang_js<\/td>\n<td>.karelsartgallery.com<\/td>\n<td>Funcional<\/td>\n<td>1 a\u00f1o<\/td>\n<td>Almacena el idioma redirigido.<\/td>\n<\/tr>\n<tr>\n<td>aheto-cpt-filter<\/td>\n<td>karelsartgallery.com<\/td>\n<td>Funcional<\/td>\n<td>Sesi\u00f3n<\/td>\n<td>Utilizado para la funcionalidad del filtro de la p\u00e1gina.<\/td>\n<\/tr>\n<tr>\n<td>aheto-cpt-filter-page<\/td>\n<td>karelsartgallery.com<\/td>\n<td>Funcional<\/td>\n<td>Sesi\u00f3n<\/td>\n<td>Utilizado para la paginaci\u00f3n de la p\u00e1gina de filtros.<\/td>\n<\/tr>\n<tr>\n<td>is_unique<\/td>\n<td>.statcounter.com<\/td>\n<td>An\u00e1litica<\/td>\n<td>2 a\u00f1os<\/td>\n<td>Se utiliza para identificar visitantes \u00fanicos.<\/td>\n<\/tr>\n<tr>\n<td>is_visitor_unique<\/td>\n<td>.statcounter.com<\/td>\n<td>An\u00e1litica<\/td>\n<td>2 a\u00f1os<\/td>\n<td>Se utiliza para detectar si el visitante es nuevo o regresa.<\/td>\n<\/tr>\n<tr>\n<td>sc_is_visitor_unique<\/td>\n<td>.karelsartgallery.com<\/td>\n<td>An\u00e1litica<\/td>\n<td>2 a\u00f1os<\/td>\n<td>Se utiliza para contar cu\u00e1ntas veces visita el sitio un visitante \u00fanico.<\/td>\n<\/tr>\n<tr>\n<td>wp-wpml_current_language<\/td>\n<td>karelsartgallery.com<\/td>\n<td>Funcional<\/td>\n<td>Sesi\u00f3n<\/td>\n<td>Almacena el idioma actual del sitio web.<\/td>\n<\/tr>\n<tr>\n<td>wpml_browser_redirect_test<\/td>\n<td>karelsartgallery.com<\/td>\n<td>Funcional<\/td>\n<td>Sesi\u00f3n<\/td>\n<td>Prueba si las cookies est\u00e1n habilitadas para proporcionar la experiencia de usuario apropiada.<\/td>\n<\/tr>\n<\/tbody>\n<\/table>\n<p><strong>7. Sus derechos con respecto a los datos personales<\/strong><\/p>\n<p>Tiene derecho a saber por qu\u00e9 se necesitan sus datos personales, qu\u00e9 suceder\u00e1 con ellos y durante cu\u00e1nto tiempo se conservar\u00e1n. Derecho de acceso: Tiene derecho a acceder a sus datos personales que conocemos. Derecho de rectificaci\u00f3n: tiene derecho en todo momento a complementar, corregir, hacer que se eliminen o bloqueen sus datos personales. Si nos da su consentimiento para procesar sus datos, tiene derecho a revocar ese consentimiento y a que se eliminen sus datos personales. Derecho de transferencia de sus datos: usted tiene derecho a solicitar todos sus datos personales del controlador y a transferirlos en su totalidad a otro controlador. Derecho de objeci\u00f3n: puede objetar al procesamiento de sus datos. Cumplimos con esto, a menos que haya razones justificadas para el procesamiento.<\/p>\n<p>Para ejercer estos derechos, por favor cont\u00e1ctenos. Por favor, consulte los detalles de contacto al final de esta pol\u00edtica de cookies. Si tiene quejas sobre c\u00f3mo manejamos sus datos, nos gustar\u00eda saberlo, pero tambi\u00e9n tiene derecho a presentar una queja ante la autoridad supervisora (la Autoridad de Protecci\u00f3n de Datos).<\/p>\n<p><strong>8. Contacto<\/strong><\/p>\n<p>Para preguntas y\/o comentarios sobre nuestra pol\u00edtica de cookies y esta declaraci\u00f3n, por favor cont\u00e1ctenos usando la siguiente informaci\u00f3n de contacto:<\/p>\n<p>KARELS ART GALLERY<br>\n<a href=\"https:\/\/karelsartgallery.com\/\">https:\/\/karelsartgallery.com\/<\/a><br>\nEmail: info@karelsartgallery.com<\/p>\t\t\t\t\t\t\t\t<\/div>\n\t\t\t\t<\/div>\n\t\t\t\t\t<\/div>\n\t\t\t\t<\/div>\n\t\t\t\t<\/div>\n\t\t","protected":false},"excerpt":{"rendered":"<p>Pol\u00edtica de Cookies Esta pol\u00edtica de cookies ha sido actualizada por \u00faltima vez el [fecha de actualizaci\u00f3n] y se aplica a los ciudadanos y residentes legales permanentes del Espacio Econ\u00f3mico Europeo y Suiza. 1. Introducci\u00f3n Nuestro sitio web, http:\/\/karelsartgallery.com\/ (en adelante: &#8220;el sitio web&#8221;), utiliza cookies y otras tecnolog\u00edas relacionadas (por conveniencia, todas las tecnolog\u00edas [&hellip;]<\/p>\n","protected":false},"author":1,"featured_media":0,"parent":0,"menu_order":0,"comment_status":"closed","ping_status":"closed","template":"","meta":{"_acf_changed":false,"footnotes":""},"class_list":["post-9216","page","type-page","status-publish","hentry"],"acf":[],"_links":{"self":[{"href":"https:\/\/karelsartgallery.com\/es\/wp-json\/wp\/v2\/pages\/9216","targetHints":{"allow":["GET"]}}],"collection":[{"href":"https:\/\/karelsartgallery.com\/es\/wp-json\/wp\/v2\/pages"}],"about":[{"href":"https:\/\/karelsartgallery.com\/es\/wp-json\/wp\/v2\/types\/page"}],"author":[{"embeddable":true,"href":"https:\/\/karelsartgallery.com\/es\/wp-json\/wp\/v2\/users\/1"}],"replies":[{"embeddable":true,"href":"https:\/\/karelsartgallery.com\/es\/wp-json\/wp\/v2\/comments?post=9216"}],"version-history":[{"count":12,"href":"https:\/\/karelsartgallery.com\/es\/wp-json\/wp\/v2\/pages\/9216\/revisions"}],"predecessor-version":[{"id":12424,"href":"https:\/\/karelsartgallery.com\/es\/wp-json\/wp\/v2\/pages\/9216\/revisions\/12424"}],"wp:attachment":[{"href":"https:\/\/karelsartgallery.com\/es\/wp-json\/wp\/v2\/media?parent=9216"}],"curies":[{"name":"wp","href":"https:\/\/api.w.org\/{rel}","templated":true}]}}