{"id":9202,"date":"2023-11-30T04:16:04","date_gmt":"2023-11-30T04:16:04","guid":{"rendered":"http:\/\/karelsartgallery.com\/?page_id=9202"},"modified":"2024-02-20T13:43:44","modified_gmt":"2024-02-20T13:43:44","slug":"artists","status":"publish","type":"page","link":"https:\/\/karelsartgallery.com\/es\/artists\/","title":{"rendered":"Artists"},"content":{"rendered":"\t\t<div data-elementor-type=\"wp-page\" data-elementor-id=\"9202\" class=\"elementor elementor-9202\" data-elementor-post-type=\"page\">\n\t\t\t\t\t\t<section class=\"elementor-section elementor-top-section elementor-element elementor-element-6b7ecd2d elementor-section-full_width elementor-section-height-min-height elementor-section-height-default elementor-section-items-middle\" data-id=\"6b7ecd2d\" data-element_type=\"section\" data-e-type=\"section\" data-settings=\"{&quot;background_background&quot;:&quot;classic&quot;}\">\n\t\t\t\t\t\t\t<div class=\"elementor-background-overlay\"><\/div>\n\t\t\t\t\t\t\t<div class=\"elementor-container elementor-column-gap-default\">\n\t\t\t\t\t<div class=\"elementor-column elementor-col-100 elementor-top-column elementor-element elementor-element-305aa0b5\" data-id=\"305aa0b5\" data-element_type=\"column\" data-e-type=\"column\" data-settings=\"{&quot;background_background&quot;:&quot;classic&quot;}\">\n\t\t\t<div class=\"elementor-widget-wrap elementor-element-populated\">\n\t\t\t\t\t\t<div class=\"elementor-element elementor-element-460b6c7c elementor-widget elementor-widget-heading\" data-id=\"460b6c7c\" data-element_type=\"widget\" data-e-type=\"widget\" data-widget_type=\"heading.default\">\n\t\t\t\t<div class=\"elementor-widget-container\">\n\t\t\t\t\t<h2 class=\"elementor-heading-title elementor-size-default\">Artistas<\/h2>\t\t\t\t<\/div>\n\t\t\t\t<\/div>\n\t\t\t\t\t<\/div>\n\t\t<\/div>\n\t\t\t\t\t<\/div>\n\t\t<\/section>\n\t\t<div class=\"elementor-element elementor-element-1fd8cf0e e-flex e-con-boxed e-con e-parent\" data-id=\"1fd8cf0e\" data-element_type=\"container\" data-e-type=\"container\">\n\t\t\t\t\t<div class=\"e-con-inner\">\n\t\t\t\t<div class=\"elementor-element elementor-element-5f6f7842 elementor-widget-divider--view-line elementor-widget elementor-widget-divider\" data-id=\"5f6f7842\" data-element_type=\"widget\" data-e-type=\"widget\" data-widget_type=\"divider.default\">\n\t\t\t\t<div class=\"elementor-widget-container\">\n\t\t\t\t\t\t\t<div class=\"elementor-divider\">\n\t\t\t<span class=\"elementor-divider-separator\">\n\t\t\t\t\t\t<\/span>\n\t\t<\/div>\n\t\t\t\t\t\t<\/div>\n\t\t\t\t<\/div>\n\t\t\t\t<div class=\"elementor-element elementor-element-1d590460 elementor-position-left elementor-vertical-align-middle elementor-widget elementor-widget-image-box\" data-id=\"1d590460\" data-element_type=\"widget\" data-e-type=\"widget\" data-widget_type=\"image-box.default\">\n\t\t\t\t<div class=\"elementor-widget-container\">\n\t\t\t\t\t<div class=\"elementor-image-box-wrapper\"><figure class=\"elementor-image-box-img\"><img decoding=\"async\" width=\"150\" height=\"150\" src=\"https:\/\/karelsartgallery.com\/wp-content\/uploads\/2024\/02\/Captura_de_Pantalla_2023-12-18_a_las_13.47.40-150x150.png\" class=\"attachment-thumbnail size-thumbnail wp-image-12046\" alt=\"\" \/><\/figure><div class=\"elementor-image-box-content\"><h3 class=\"elementor-image-box-title\">Alejandro Alsina<\/h3><p class=\"elementor-image-box-description\">(1951, Santo Domingo) Seg\u00fan su relato, \"un d\u00eda llegu\u00e9 a la casa de un maestro llamado Jaime Corcho. \u00c9l me dijo que me uniera all\u00ed, y es donde continu\u00e9 pintando\". Alejandro Alsina ha estado pintando en las calles durante m\u00e1s de 50 a\u00f1os, y sus obras se exhiben en muchas galer\u00edas de la Rep\u00fablica Dominicana. Alsina permanece fiel a su estilo naturalista, utilizando pinceles grandes y tubos de pintura al \u00f3leo.<\/p><\/div><\/div>\t\t\t\t<\/div>\n\t\t\t\t<\/div>\n\t\t\t\t<div class=\"elementor-element elementor-element-78c33e36 elementor-position-left elementor-vertical-align-middle elementor-widget elementor-widget-image-box\" data-id=\"78c33e36\" data-element_type=\"widget\" data-e-type=\"widget\" data-widget_type=\"image-box.default\">\n\t\t\t\t<div class=\"elementor-widget-container\">\n\t\t\t\t\t<div class=\"elementor-image-box-wrapper\"><figure class=\"elementor-image-box-img\"><img decoding=\"async\" width=\"150\" height=\"150\" src=\"https:\/\/karelsartgallery.com\/wp-content\/uploads\/2024\/02\/2-150x150.png\" class=\"attachment-thumbnail size-thumbnail wp-image-12048\" alt=\"\" \/><\/figure><div class=\"elementor-image-box-content\"><h3 class=\"elementor-image-box-title\">Astrel<\/h3><p class=\"elementor-image-box-description\">Pintor na\u00edf haitiano autodidacta cuyos vibrantes colores retratan la naturaleza y la vida de las personas en \u00e1reas rurales.<\/p><\/div><\/div>\t\t\t\t<\/div>\n\t\t\t\t<\/div>\n\t\t\t\t<div class=\"elementor-element elementor-element-7e559029 elementor-position-left elementor-vertical-align-middle elementor-widget elementor-widget-image-box\" data-id=\"7e559029\" data-element_type=\"widget\" data-e-type=\"widget\" data-widget_type=\"image-box.default\">\n\t\t\t\t<div class=\"elementor-widget-container\">\n\t\t\t\t\t<div class=\"elementor-image-box-wrapper\"><figure class=\"elementor-image-box-img\"><img decoding=\"async\" width=\"150\" height=\"150\" src=\"https:\/\/karelsartgallery.com\/wp-content\/uploads\/2024\/02\/Captura_de_Pantalla_2023-12-18_a_las_14.21.34-150x150.png\" class=\"attachment-thumbnail size-thumbnail wp-image-12050\" alt=\"\" \/><\/figure><div class=\"elementor-image-box-content\"><h3 class=\"elementor-image-box-title\">Billy<\/h3><p class=\"elementor-image-box-description\">Pintor haitiano que retrata escenas de la jungla que recuerdan a memorias lejanas del continente africano, profundamente arraigadas en el subconsciente de los artistas haitianos.<\/p><\/div><\/div>\t\t\t\t<\/div>\n\t\t\t\t<\/div>\n\t\t\t\t<div class=\"elementor-element elementor-element-4f76cfd2 elementor-position-left elementor-vertical-align-middle elementor-widget elementor-widget-image-box\" data-id=\"4f76cfd2\" data-element_type=\"widget\" data-e-type=\"widget\" data-widget_type=\"image-box.default\">\n\t\t\t\t<div class=\"elementor-widget-container\">\n\t\t\t\t\t<div class=\"elementor-image-box-wrapper\"><figure class=\"elementor-image-box-img\"><img loading=\"lazy\" decoding=\"async\" width=\"150\" height=\"150\" src=\"https:\/\/karelsartgallery.com\/wp-content\/uploads\/2024\/02\/11-150x150.png\" class=\"attachment-thumbnail size-thumbnail wp-image-12052\" alt=\"\" \/><\/figure><div class=\"elementor-image-box-content\"><h3 class=\"elementor-image-box-title\">Bossicot<\/h3><p class=\"elementor-image-box-description\">Pintor haitiano que representa escenas cotidianas en Hait\u00ed, particularmente los coloridos mercados en la capital, donde muchas personas se ganan la vida a trav\u00e9s de la venta ambulante.<\/p><\/div><\/div>\t\t\t\t<\/div>\n\t\t\t\t<\/div>\n\t\t\t\t<div class=\"elementor-element elementor-element-2fc18661 elementor-position-left elementor-vertical-align-middle elementor-widget elementor-widget-image-box\" data-id=\"2fc18661\" data-element_type=\"widget\" data-e-type=\"widget\" data-widget_type=\"image-box.default\">\n\t\t\t\t<div class=\"elementor-widget-container\">\n\t\t\t\t\t<div class=\"elementor-image-box-wrapper\"><figure class=\"elementor-image-box-img\"><img loading=\"lazy\" decoding=\"async\" width=\"150\" height=\"150\" src=\"https:\/\/karelsartgallery.com\/wp-content\/uploads\/2024\/02\/Captura_de_Pantalla_2023-12-18_a_las_13.25.10-150x150.png\" class=\"attachment-thumbnail size-thumbnail wp-image-12054\" alt=\"\" \/><\/figure><div class=\"elementor-image-box-content\"><h3 class=\"elementor-image-box-title\">Bresil Henry Robert<\/h3><p class=\"elementor-image-box-description\">(1952-1999) Nacido en Gonaives (HAIT\u00cd). Bresil se mud\u00f3 a la capital de Hait\u00ed (Puerto Pr\u00edncipe) en 1973, donde comenz\u00f3 a estudiar en la Escuela de Bellas Artes. Gan\u00f3 premios significativos, incluyendo EL PREMIO DE HONOR DEL MUSEO DE ARTE HAITIANO ST PIERRE COLLEGE EN 1980. Sus obras se exhiben en importantes galer\u00edas en Estados Unidos, Europa y Jap\u00f3n, donde fue honrado en 1980 como el mejor pintor por su estilo de pintura (pinturas de la selva lluviosa) y fue el invitado de honor en una gran exposici\u00f3n celebrada en Tokio.\n\n<\/p><\/div><\/div>\t\t\t\t<\/div>\n\t\t\t\t<\/div>\n\t\t\t\t<div class=\"elementor-element elementor-element-163f27db elementor-position-left elementor-vertical-align-middle elementor-widget elementor-widget-image-box\" data-id=\"163f27db\" data-element_type=\"widget\" data-e-type=\"widget\" data-widget_type=\"image-box.default\">\n\t\t\t\t<div class=\"elementor-widget-container\">\n\t\t\t\t\t<div class=\"elementor-image-box-wrapper\"><figure class=\"elementor-image-box-img\"><img loading=\"lazy\" decoding=\"async\" width=\"150\" height=\"150\" src=\"https:\/\/karelsartgallery.com\/wp-content\/uploads\/2024\/02\/Captura_de_Pantalla_2023-12-18_a_las_13.43.37-150x150.png\" class=\"attachment-thumbnail size-thumbnail wp-image-12056\" alt=\"\" \/><\/figure><div class=\"elementor-image-box-content\"><h3 class=\"elementor-image-box-title\">Cherry<\/h3><p class=\"elementor-image-box-description\">Pintora na\u00edf haitiana con un estilo \u00fanico, retratando escenas de la vida cotidiana que resaltan la belleza, el color y la alegr\u00eda de las mujeres haitianas.\n\n<\/p><\/div><\/div>\t\t\t\t<\/div>\n\t\t\t\t<\/div>\n\t\t\t\t<div class=\"elementor-element elementor-element-2181b4c3 elementor-position-left elementor-vertical-align-middle elementor-widget elementor-widget-image-box\" data-id=\"2181b4c3\" data-element_type=\"widget\" data-e-type=\"widget\" data-widget_type=\"image-box.default\">\n\t\t\t\t<div class=\"elementor-widget-container\">\n\t\t\t\t\t<div class=\"elementor-image-box-wrapper\"><figure class=\"elementor-image-box-img\"><img loading=\"lazy\" decoding=\"async\" width=\"150\" height=\"150\" src=\"https:\/\/karelsartgallery.com\/wp-content\/uploads\/2024\/02\/4-150x150.png\" class=\"attachment-thumbnail size-thumbnail wp-image-12058\" alt=\"\" \/><\/figure><div class=\"elementor-image-box-content\"><h3 class=\"elementor-image-box-title\">Derossier<\/h3><p class=\"elementor-image-box-description\">Pintor haitiano e hijo del renombrado pintor na\u00edf Ismael Saintilus. Tras la muerte de Ismael en 2000, DEROSSIER decidi\u00f3 pintar en el estilo de su padre, utilizando una t\u00e9cnica de pincel m\u00e1s fina.<\/p><\/div><\/div>\t\t\t\t<\/div>\n\t\t\t\t<\/div>\n\t\t\t\t<div class=\"elementor-element elementor-element-1052f731 elementor-position-left elementor-vertical-align-middle elementor-widget elementor-widget-image-box\" data-id=\"1052f731\" data-element_type=\"widget\" data-e-type=\"widget\" data-widget_type=\"image-box.default\">\n\t\t\t\t<div class=\"elementor-widget-container\">\n\t\t\t\t\t<div class=\"elementor-image-box-wrapper\"><figure class=\"elementor-image-box-img\"><img loading=\"lazy\" decoding=\"async\" width=\"150\" height=\"150\" src=\"https:\/\/karelsartgallery.com\/wp-content\/uploads\/2024\/02\/Captura-de-pantalla-2023-12-20-a-las-14.03.53-150x150.png\" class=\"attachment-thumbnail size-thumbnail wp-image-12060\" alt=\"\" \/><\/figure><div class=\"elementor-image-box-content\"><h3 class=\"elementor-image-box-title\">Ismorin<\/h3><p class=\"elementor-image-box-description\">Pintor haitiano considerado uno de los mejores pintores na\u00edf de la d\u00e9cada de 1970, cuando Hait\u00ed era un importante destino tur\u00edstico. Sus obras se presentan en muchas galer\u00edas en Estados Unidos, incluyendo el Museo Pante\u00f3n Nacional de Hait\u00ed.<\/p><\/div><\/div>\t\t\t\t<\/div>\n\t\t\t\t<\/div>\n\t\t\t\t<div class=\"elementor-element elementor-element-4029f6b4 elementor-position-left elementor-vertical-align-middle elementor-widget elementor-widget-image-box\" data-id=\"4029f6b4\" data-element_type=\"widget\" data-e-type=\"widget\" data-widget_type=\"image-box.default\">\n\t\t\t\t<div class=\"elementor-widget-container\">\n\t\t\t\t\t<div class=\"elementor-image-box-wrapper\"><figure class=\"elementor-image-box-img\"><img loading=\"lazy\" decoding=\"async\" width=\"150\" height=\"150\" src=\"https:\/\/karelsartgallery.com\/wp-content\/uploads\/2024\/02\/Captura_de_Pantalla_2023-12-18_a_las_13.12.22-150x150.png\" class=\"attachment-thumbnail size-thumbnail wp-image-12062\" alt=\"\" \/><\/figure><div class=\"elementor-image-box-content\"><h3 class=\"elementor-image-box-title\">Jacob<\/h3><p class=\"elementor-image-box-description\">Pintor de estilo Na\u00eff haitiano cuya obra est\u00e1 inspirada en la cultura y m\u00fasica t\u00edpica del campo haitiano (Gaga), bailada durante la Semana Santa. La m\u00fasica que acompa\u00f1a este baile se toca con tambores y otros instrumentos de percusi\u00f3n, presentando un ritmo r\u00e1pido y fren\u00e9tico.<\/p><\/div><\/div>\t\t\t\t<\/div>\n\t\t\t\t<\/div>\n\t\t\t\t<div class=\"elementor-element elementor-element-24deabf6 elementor-position-left elementor-vertical-align-middle elementor-widget elementor-widget-image-box\" data-id=\"24deabf6\" data-element_type=\"widget\" data-e-type=\"widget\" data-widget_type=\"image-box.default\">\n\t\t\t\t<div class=\"elementor-widget-container\">\n\t\t\t\t\t<div class=\"elementor-image-box-wrapper\"><figure class=\"elementor-image-box-img\"><img loading=\"lazy\" decoding=\"async\" width=\"150\" height=\"150\" src=\"https:\/\/karelsartgallery.com\/wp-content\/uploads\/2024\/02\/Captura_de_Pantalla_2023-12-18_a_las_12.59.51-150x150.png\" class=\"attachment-thumbnail size-thumbnail wp-image-12064\" alt=\"\" \/><\/figure><div class=\"elementor-image-box-content\"><h3 class=\"elementor-image-box-title\">Lafleur Donaldson<\/h3><p class=\"elementor-image-box-description\">Pintor na\u00edf haitiano autodidacta con un estilo \u00fanico, retratando personas en colores brillantes con un fuerte sentido de movimiento constante.<\/p><\/div><\/div>\t\t\t\t<\/div>\n\t\t\t\t<\/div>\n\t\t\t\t<div class=\"elementor-element elementor-element-120c9dff elementor-position-left elementor-vertical-align-middle elementor-widget elementor-widget-image-box\" data-id=\"120c9dff\" data-element_type=\"widget\" data-e-type=\"widget\" data-widget_type=\"image-box.default\">\n\t\t\t\t<div class=\"elementor-widget-container\">\n\t\t\t\t\t<div class=\"elementor-image-box-wrapper\"><figure class=\"elementor-image-box-img\"><img loading=\"lazy\" decoding=\"async\" width=\"150\" height=\"150\" src=\"https:\/\/karelsartgallery.com\/wp-content\/uploads\/2024\/02\/3-150x150.png\" class=\"attachment-thumbnail size-thumbnail wp-image-12066\" alt=\"\" \/><\/figure><div class=\"elementor-image-box-content\"><h3 class=\"elementor-image-box-title\">Lily Honson<\/h3><p class=\"elementor-image-box-description\">Lily, una artista haitiana hija de madre haitiana y padre ingl\u00e9s, comenz\u00f3 su viaje en la pintura a los 16 a\u00f1os. Lo que distingue a Lily es su proceso creativo nocturno. Pintando exclusivamente de noche, requiere m\u00e1xima concentraci\u00f3n para conectarse con su universo de paisajes on\u00edricos sobrenaturales y alcanzar la mejor inspiraci\u00f3n. El estilo \u00fanico de Lily le ha valido el t\u00edtulo actual de la mejor pintora en Am\u00e9rica Central. Sus obras adornan las paredes de muchas galer\u00edas en Estados Unidos y Europa, mostrando su talento distintivo y la encantadora fusi\u00f3n de su herencia haitiana.<\/p><\/div><\/div>\t\t\t\t<\/div>\n\t\t\t\t<\/div>\n\t\t\t\t<div class=\"elementor-element elementor-element-db61be0 elementor-position-left elementor-vertical-align-middle elementor-widget elementor-widget-image-box\" data-id=\"db61be0\" data-element_type=\"widget\" data-e-type=\"widget\" data-widget_type=\"image-box.default\">\n\t\t\t\t<div class=\"elementor-widget-container\">\n\t\t\t\t\t<div class=\"elementor-image-box-wrapper\"><figure class=\"elementor-image-box-img\"><img loading=\"lazy\" decoding=\"async\" width=\"150\" height=\"150\" src=\"https:\/\/karelsartgallery.com\/wp-content\/uploads\/2024\/02\/Captura_de_Pantalla_2023-12-18_a_las_13.33.36-150x150.png\" class=\"attachment-thumbnail size-thumbnail wp-image-12068\" alt=\"\" \/><\/figure><div class=\"elementor-image-box-content\"><h3 class=\"elementor-image-box-title\">Nesly<\/h3><p class=\"elementor-image-box-description\">Pintor na\u00edf haitiano autodidacta que explora la naturaleza, colores vivos y la c\u00e1lida luz de los pueblos haitianos.<\/p><\/div><\/div>\t\t\t\t<\/div>\n\t\t\t\t<\/div>\n\t\t\t\t<div class=\"elementor-element elementor-element-491c67e9 elementor-position-left elementor-vertical-align-middle elementor-widget elementor-widget-image-box\" data-id=\"491c67e9\" data-element_type=\"widget\" data-e-type=\"widget\" data-widget_type=\"image-box.default\">\n\t\t\t\t<div class=\"elementor-widget-container\">\n\t\t\t\t\t<div class=\"elementor-image-box-wrapper\"><figure class=\"elementor-image-box-img\"><img loading=\"lazy\" decoding=\"async\" width=\"150\" height=\"150\" src=\"https:\/\/karelsartgallery.com\/wp-content\/uploads\/2024\/02\/Captura-de-pantalla-2023-12-20-a-las-14.03.53-150x150.png\" class=\"attachment-thumbnail size-thumbnail wp-image-12060\" alt=\"\" \/><\/figure><div class=\"elementor-image-box-content\"><h3 class=\"elementor-image-box-title\">Oba\u00f1el Samedi<\/h3><p class=\"elementor-image-box-description\">(Hait\u00ed Cap-Haitien 1948) Pintor haitiano exitoso desde los a\u00f1os 70-80 cuando Hait\u00ed era uno de los mejores destinos tur\u00edsticos en el Caribe. Sus obras se exhiben en algunas de las galer\u00edas m\u00e1s grandes en Estados Unidos, Canad\u00e1, Argentina, Venezuela, Inglaterra, Francia y los Pa\u00edses Bajos. En sus sesenta, este pintor contin\u00faa pintando en su ciudad a pesar de su avanzada edad.<\/p><\/div><\/div>\t\t\t\t<\/div>\n\t\t\t\t<\/div>\n\t\t\t\t<div class=\"elementor-element elementor-element-40b4da6a elementor-position-left elementor-vertical-align-middle elementor-widget elementor-widget-image-box\" data-id=\"40b4da6a\" data-element_type=\"widget\" data-e-type=\"widget\" data-widget_type=\"image-box.default\">\n\t\t\t\t<div class=\"elementor-widget-container\">\n\t\t\t\t\t<div class=\"elementor-image-box-wrapper\"><figure class=\"elementor-image-box-img\"><img loading=\"lazy\" decoding=\"async\" width=\"150\" height=\"150\" src=\"https:\/\/karelsartgallery.com\/wp-content\/uploads\/2024\/02\/Captura_de_Pantalla_2023-12-18_a_las_13.34.59-150x150.png\" class=\"attachment-thumbnail size-thumbnail wp-image-12070\" alt=\"\" \/><\/figure><div class=\"elementor-image-box-content\"><h3 class=\"elementor-image-box-title\">Ronald Lindor<\/h3><p class=\"elementor-image-box-description\">Pintor y promotor de la pintura haitiana desde 2004. Comenz\u00f3 con la pintura Na\u00eff con la colaboraci\u00f3n de pintores escolares haitianos veteranos como Luis Cedon, Lily Honson, Patrick Gonzalez y Lafleur Donaldson. Su arte explora la naturaleza, colores vivos y la c\u00e1lida luz de los pueblos haitianos.<\/p><\/div><\/div>\t\t\t\t<\/div>\n\t\t\t\t<\/div>\n\t\t\t\t<div class=\"elementor-element elementor-element-5b476aec elementor-position-left elementor-vertical-align-middle elementor-widget elementor-widget-image-box\" data-id=\"5b476aec\" data-element_type=\"widget\" data-e-type=\"widget\" data-widget_type=\"image-box.default\">\n\t\t\t\t<div class=\"elementor-widget-container\">\n\t\t\t\t\t<div class=\"elementor-image-box-wrapper\"><figure class=\"elementor-image-box-img\"><img loading=\"lazy\" decoding=\"async\" width=\"150\" height=\"150\" src=\"https:\/\/karelsartgallery.com\/wp-content\/uploads\/2024\/02\/7-150x150.png\" class=\"attachment-thumbnail size-thumbnail wp-image-12072\" alt=\"\" \/><\/figure><div class=\"elementor-image-box-content\"><h3 class=\"elementor-image-box-title\">Saint Louis<\/h3><p class=\"elementor-image-box-description\">Pintor haitiano cuyo estilo de pintura es una mezcla de abstracto y surrealismo, representando fuertemente el movimiento entrelazado de personas en el estilo \u00fanico del arte Na\u00eff.\n\n<\/p><\/div><\/div>\t\t\t\t<\/div>\n\t\t\t\t<\/div>\n\t\t\t\t<div class=\"elementor-element elementor-element-6f0f24fe elementor-widget-divider--view-line elementor-widget elementor-widget-divider\" data-id=\"6f0f24fe\" data-element_type=\"widget\" data-e-type=\"widget\" data-widget_type=\"divider.default\">\n\t\t\t\t<div class=\"elementor-widget-container\">\n\t\t\t\t\t\t\t<div class=\"elementor-divider\">\n\t\t\t<span class=\"elementor-divider-separator\">\n\t\t\t\t\t\t<\/span>\n\t\t<\/div>\n\t\t\t\t\t\t<\/div>\n\t\t\t\t<\/div>\n\t\t\t\t<div class=\"elementor-element elementor-element-5f2a58ef elementor-align-center elementor-button-danger elementor-widget elementor-widget-button\" data-id=\"5f2a58ef\" data-element_type=\"widget\" data-e-type=\"widget\" data-widget_type=\"button.default\">\n\t\t\t\t<div class=\"elementor-widget-container\">\n\t\t\t\t\t\t\t\t\t<div class=\"elementor-button-wrapper\">\n\t\t\t\t\t<a class=\"elementor-button elementor-button-link elementor-size-md\" href=\"\/art-page\">\n\t\t\t\t\t\t<span class=\"elementor-button-content-wrapper\">\n\t\t\t\t\t\t\t\t\t<span class=\"elementor-button-text\">Ver sus Obras de Arte<\/span>\n\t\t\t\t\t<\/span>\n\t\t\t\t\t<\/a>\n\t\t\t\t<\/div>\n\t\t\t\t\t\t\t\t<\/div>\n\t\t\t\t<\/div>\n\t\t\t\t<div class=\"elementor-element elementor-element-6f238f8e elementor-widget-divider--view-line elementor-widget elementor-widget-divider\" data-id=\"6f238f8e\" data-element_type=\"widget\" data-e-type=\"widget\" data-widget_type=\"divider.default\">\n\t\t\t\t<div class=\"elementor-widget-container\">\n\t\t\t\t\t\t\t<div class=\"elementor-divider\">\n\t\t\t<span class=\"elementor-divider-separator\">\n\t\t\t\t\t\t<\/span>\n\t\t<\/div>\n\t\t\t\t\t\t<\/div>\n\t\t\t\t<\/div>\n\t\t\t\t\t<\/div>\n\t\t\t\t<\/div>\n\t\t\t\t<\/div>\n\t\t","protected":false},"excerpt":{"rendered":"<p>Artistas Alejandro Alsina (1951, Santo Domingo) Seg\u00fan su relato, &#8220;un d\u00eda llegu\u00e9 a la casa de un maestro llamado Jaime Corcho. \u00c9l me dijo que me uniera all\u00ed, y es donde continu\u00e9 pintando&#8221;. Alejandro Alsina ha estado pintando en las calles durante m\u00e1s de 50 a\u00f1os, y sus obras se exhiben en muchas galer\u00edas de [&hellip;]<\/p>\n","protected":false},"author":1,"featured_media":0,"parent":0,"menu_order":0,"comment_status":"closed","ping_status":"closed","template":"","meta":{"_acf_changed":false,"footnotes":""},"class_list":["post-9202","page","type-page","status-publish","hentry"],"acf":[],"_links":{"self":[{"href":"https:\/\/karelsartgallery.com\/es\/wp-json\/wp\/v2\/pages\/9202","targetHints":{"allow":["GET"]}}],"collection":[{"href":"https:\/\/karelsartgallery.com\/es\/wp-json\/wp\/v2\/pages"}],"about":[{"href":"https:\/\/karelsartgallery.com\/es\/wp-json\/wp\/v2\/types\/page"}],"author":[{"embeddable":true,"href":"https:\/\/karelsartgallery.com\/es\/wp-json\/wp\/v2\/users\/1"}],"replies":[{"embeddable":true,"href":"https:\/\/karelsartgallery.com\/es\/wp-json\/wp\/v2\/comments?post=9202"}],"version-history":[{"count":25,"href":"https:\/\/karelsartgallery.com\/es\/wp-json\/wp\/v2\/pages\/9202\/revisions"}],"predecessor-version":[{"id":12151,"href":"https:\/\/karelsartgallery.com\/es\/wp-json\/wp\/v2\/pages\/9202\/revisions\/12151"}],"wp:attachment":[{"href":"https:\/\/karelsartgallery.com\/es\/wp-json\/wp\/v2\/media?parent=9202"}],"curies":[{"name":"wp","href":"https:\/\/api.w.org\/{rel}","templated":true}]}}