{"id":377,"date":"2023-11-21T09:06:18","date_gmt":"2023-11-21T09:06:18","guid":{"rendered":"http:\/\/localhost\/ElementorPractice\/ElementorPractice\/?page_id=377"},"modified":"2024-07-29T12:46:08","modified_gmt":"2024-07-29T12:46:08","slug":"exposiciones","status":"publish","type":"page","link":"https:\/\/karelsartgallery.com\/es\/exposiciones\/","title":{"rendered":"Exposiciones"},"content":{"rendered":"\t\t<div data-elementor-type=\"wp-page\" data-elementor-id=\"377\" class=\"elementor elementor-377\" data-elementor-post-type=\"page\">\n\t\t\t\t\t\t<section class=\"elementor-section elementor-top-section elementor-element elementor-element-f8c1701 elementor-section-full_width elementor-section-height-min-height elementor-section-height-default elementor-section-items-middle\" data-id=\"f8c1701\" data-element_type=\"section\" data-e-type=\"section\" data-settings=\"{&quot;background_background&quot;:&quot;classic&quot;}\">\n\t\t\t\t\t\t\t<div class=\"elementor-background-overlay\"><\/div>\n\t\t\t\t\t\t\t<div class=\"elementor-container elementor-column-gap-default\">\n\t\t\t\t\t<div class=\"elementor-column elementor-col-100 elementor-top-column elementor-element elementor-element-67a303a4\" data-id=\"67a303a4\" data-element_type=\"column\" data-e-type=\"column\" data-settings=\"{&quot;background_background&quot;:&quot;classic&quot;}\">\n\t\t\t<div class=\"elementor-widget-wrap elementor-element-populated\">\n\t\t\t\t\t\t<div class=\"elementor-element elementor-element-7b903201 elementor-widget elementor-widget-heading\" data-id=\"7b903201\" data-element_type=\"widget\" data-e-type=\"widget\" data-widget_type=\"heading.default\">\n\t\t\t\t<div class=\"elementor-widget-container\">\n\t\t\t\t\t<h2 class=\"elementor-heading-title elementor-size-default\">Exposiciones<\/h2>\t\t\t\t<\/div>\n\t\t\t\t<\/div>\n\t\t\t\t\t<\/div>\n\t\t<\/div>\n\t\t\t\t\t<\/div>\n\t\t<\/section>\n\t\t\t\t<section class=\"elementor-section elementor-top-section elementor-element elementor-element-3abd439 elementor-section-full_width elementor-section-height-default elementor-section-height-default\" data-id=\"3abd439\" data-element_type=\"section\" data-e-type=\"section\">\n\t\t\t\t\t\t<div class=\"elementor-container elementor-column-gap-default\">\n\t\t\t\t\t<div class=\"elementor-column elementor-col-100 elementor-top-column elementor-element elementor-element-d1ed981\" data-id=\"d1ed981\" data-element_type=\"column\" data-e-type=\"column\">\n\t\t\t<div class=\"elementor-widget-wrap elementor-element-populated\">\n\t\t\t\t\t\t<div class=\"elementor-element elementor-element-d0fe051 elementor-widget elementor-widget-shortcode\" data-id=\"d0fe051\" data-element_type=\"widget\" data-e-type=\"widget\" data-widget_type=\"shortcode.default\">\n\t\t\t\t<div class=\"elementor-widget-container\">\n\t\t\t\t\t\t\t<div class=\"elementor-shortcode\">\n<section class=\"home-page-art exhibitions-allpost\">\n    <div class=\"container w-1430\">\n        <div class=\"row\">\n\n                        <div class=\"col-lg-4 col-md-6 mb-20 \">\n                <div class=\"latest-top-right-img animate__animated animate__slideInUp wow\">\n                    <div class=\"grid-card\">\n                        <div class=\"effect-zoe\">\n                            <a href=\"https:\/\/karelsartgallery.com\/es\/exhibitions\/arte-naif-arte-vudu-misterio-y-un-viaje-entre-continentes\/\" class=\"grid-link\">\n                                <div class=\"atr-img-thumb\">\n                                    <img decoding=\"async\" src=\"https:\/\/karelsartgallery.com\/wp-content\/uploads\/2026\/02\/uG95VURxVnQtbNHZCuUc7G-1600-80-1024x683.jpg\" alt=\"\" class=\"w-100\">\n                                <\/div>\n                                <div class=\"art-inner-text\">\n                                    <p>Arte Na\u00eff, Arte Vud\u00fa: Misterio y un viaje entre continentes<\/p>\n                                    <h2>Art3f | 8th International Contemporary Art Fair<\/h2>\n                                <\/div>\n                            <\/a>\n                        <\/div>\n                    <\/div>\n                <\/div>\n            <\/div>\n                        <div class=\"col-lg-4 col-md-6 mb-20 \">\n                <div class=\"latest-top-right-img animate__animated animate__slideInUp wow\">\n                    <div class=\"grid-card\">\n                        <div class=\"effect-zoe\">\n                            <a href=\"https:\/\/karelsartgallery.com\/es\/exhibitions\/vodou-art\/\" class=\"grid-link\">\n                                <div class=\"atr-img-thumb\">\n                                    <img decoding=\"async\" src=\"https:\/\/karelsartgallery.com\/wp-content\/uploads\/2023\/12\/iwaria-inc-JK_KFD3PFGY-unsplash-1024x683.jpg\" alt=\"\" class=\"w-100\">\n                                <\/div>\n                                <div class=\"art-inner-text\">\n                                    <p>Arte Vud\u00fa<\/p>\n                                    <h2>V.Code Espacio Creativo Arte Vodou<\/h2>\n                                <\/div>\n                            <\/a>\n                        <\/div>\n                    <\/div>\n                <\/div>\n            <\/div>\n                        <div class=\"col-lg-4 col-md-6 mb-20 \">\n                <div class=\"latest-top-right-img animate__animated animate__slideInUp wow\">\n                    <div class=\"grid-card\">\n                        <div class=\"effect-zoe\">\n                            <a href=\"https:\/\/karelsartgallery.com\/es\/exhibitions\/naif-art\/\" class=\"grid-link\">\n                                <div class=\"atr-img-thumb\">\n                                    <img decoding=\"async\" src=\"https:\/\/karelsartgallery.com\/wp-content\/uploads\/2023\/12\/NBH_RETOCADAS__065_lhxJcZ4.webp\" alt=\"\" class=\"w-100\">\n                                <\/div>\n                                <div class=\"art-inner-text\">\n                                    <p>Na\u00eff Art<\/p>\n                                    <h2>Hotel Nuevo Boston, Madrid, Spain<\/h2>\n                                <\/div>\n                            <\/a>\n                        <\/div>\n                    <\/div>\n                <\/div>\n            <\/div>\n                        <div class=\"col-lg-4 col-md-6 mb-20 \">\n                <div class=\"latest-top-right-img animate__animated animate__slideInUp wow\">\n                    <div class=\"grid-card\">\n                        <div class=\"effect-zoe\">\n                            <a href=\"https:\/\/karelsartgallery.com\/es\/exhibitions\/haitian-naif-art\/\" class=\"grid-link\">\n                                <div class=\"atr-img-thumb\">\n                                    <img decoding=\"async\" src=\"https:\/\/karelsartgallery.com\/wp-content\/uploads\/2023\/12\/Captura-de-pantalla-2023-12-15-a-las-10.02.43-1024x751.png\" alt=\"\" class=\"w-100\">\n                                <\/div>\n                                <div class=\"art-inner-text\">\n                                    <p>Arte Naif Haitiano<\/p>\n                                    <h2>Hotel Aurea Washington Irving, Granada, Espa\u00f1a<\/h2>\n                                <\/div>\n                            <\/a>\n                        <\/div>\n                    <\/div>\n                <\/div>\n            <\/div>\n                        <div class=\"col-lg-4 col-md-6 mb-20 \">\n                <div class=\"latest-top-right-img animate__animated animate__slideInUp wow\">\n                    <div class=\"grid-card\">\n                        <div class=\"effect-zoe\">\n                            <a href=\"https:\/\/karelsartgallery.com\/es\/exhibitions\/bless-your-art\/\" class=\"grid-link\">\n                                <div class=\"atr-img-thumb\">\n                                    <img decoding=\"async\" src=\"https:\/\/karelsartgallery.com\/wp-content\/uploads\/2023\/12\/bless-lively-lounge-home-web-bhm-1024x512.jpeg\" alt=\"\" class=\"w-100\">\n                                <\/div>\n                                <div class=\"art-inner-text\">\n                                    <p>Bless your Art<\/p>\n                                    <h2>Hotel Bless, Madrid, Espa\u00f1a<\/h2>\n                                <\/div>\n                            <\/a>\n                        <\/div>\n                    <\/div>\n                <\/div>\n            <\/div>\n                        <div class=\"col-lg-4 col-md-6 mb-20 \">\n                <div class=\"latest-top-right-img animate__animated animate__slideInUp wow\">\n                    <div class=\"grid-card\">\n                        <div class=\"effect-zoe\">\n                            <a href=\"https:\/\/karelsartgallery.com\/es\/exhibitions\/haiti-lights-and-colors-of-the-caribbean\/\" class=\"grid-link\">\n                                <div class=\"atr-img-thumb\">\n                                    <img decoding=\"async\" src=\"https:\/\/karelsartgallery.com\/wp-content\/uploads\/2023\/12\/Captura-de-pantalla-2023-12-15-a-las-9.46.21-1024x676.png\" alt=\"\" class=\"w-100\">\n                                <\/div>\n                                <div class=\"art-inner-text\">\n                                    <p>Haiti: Lights and Colors of the Caribbean<\/p>\n                                    <h2>Hotel Eurostars Central, Madrid, Espa\u00f1a<\/h2>\n                                <\/div>\n                            <\/a>\n                        <\/div>\n                    <\/div>\n                <\/div>\n            <\/div>\n            \n        <\/div>\n\n        <div class=\"home-page-past-exhibition-btn animate__animated animate__slideInUp wow\">\n                    <\/div>\n\n    <\/div>\n<\/section>\n\n<\/div>\n\t\t\t\t\t\t<\/div>\n\t\t\t\t<\/div>\n\t\t\t\t\t<\/div>\n\t\t<\/div>\n\t\t\t\t\t<\/div>\n\t\t<\/section>\n\t\t\t\t<section class=\"elementor-section elementor-top-section elementor-element elementor-element-5313f677 elementor-section-stretched elementor-section-boxed elementor-section-height-default elementor-section-height-default\" data-id=\"5313f677\" data-element_type=\"section\" data-e-type=\"section\" data-settings=\"{&quot;stretch_section&quot;:&quot;section-stretched&quot;,&quot;background_background&quot;:&quot;classic&quot;}\">\n\t\t\t\t\t\t<div class=\"elementor-container elementor-column-gap-no\">\n\t\t\t\t\t<div class=\"elementor-column elementor-col-100 elementor-top-column elementor-element elementor-element-657f50df\" data-id=\"657f50df\" data-element_type=\"column\" data-e-type=\"column\">\n\t\t\t<div class=\"elementor-widget-wrap elementor-element-populated\">\n\t\t\t\t\t\t<div class=\"elementor-element elementor-element-2b71e4ac elementor-widget elementor-widget-aheto_testimonials\" data-id=\"2b71e4ac\" data-element_type=\"widget\" data-e-type=\"widget\" data-widget_type=\"aheto_testimonials.default\">\n\t\t\t\t<div class=\"elementor-widget-container\">\n\t\t\t\t\t<div class=\"aheto_testimonials_69dad27c8a59d  aheto-tm-wrapper--bizy-gradient change-author\">\n\n    <div class=\"swiper\">\n\n        <div class=\"swiper-container\" data-effect=slide data-autoplay=5000 data-speed=4000 data-slides=1 >\n\t                    <div class=\"swiper-wrapper\">\n\n                \n                    <div class=\"swiper-slide\">\n\n                        <div class=\"aheto-tm__slide-wrap\">\n\n                            <div class=\"aheto-tm__content\">\n                                <p class=\"aheto-tm__text\">\"Arte Na\u00eff en el Hotel Nuevo Boston: una deliciosa sorpresa, colores vivos, atm\u00f3sfera cautivadora.\"<\/p>                                <div class=\"aheto-tm__author\">\n                                    <div class=\"aheto-tm__info\">\n                                        <h4 class=\"aheto-tm__name\">Carlos M, <\/h4><h6 class=\"aheto-tm__position\">COLECCIONISTA DE ARTE<\/h6>                                    <\/div>\n\n                                <\/div>\n                            <\/div>\n\n                        <\/div>\n\n                    <\/div>\n\n                \n                    <div class=\"swiper-slide\">\n\n                        <div class=\"aheto-tm__slide-wrap\">\n\n                            <div class=\"aheto-tm__content\">\n                                <p class=\"aheto-tm__text\">\"El Arte Vud\u00fa en V.Code fue un viaje m\u00edstico, visualmente cautivador y espiritualmente energizante.\"\n<\/p>                                <div class=\"aheto-tm__author\">\n                                    <div class=\"aheto-tm__info\">\n                                        <h4 class=\"aheto-tm__name\">Mary L,<\/h4><h6 class=\"aheto-tm__position\">EXPLORADORA DE ARTE<\/h6>                                    <\/div>\n\n                                <\/div>\n                            <\/div>\n\n                        <\/div>\n\n                    <\/div>\n\n                \n                    <div class=\"swiper-slide\">\n\n                        <div class=\"aheto-tm__slide-wrap\">\n\n                            <div class=\"aheto-tm__content\">\n                                <p class=\"aheto-tm__text\">\"Hait\u00ed: Luces y Colores\" en el Hotel Eurostars Central: una celebraci\u00f3n visual, paisajes encantadores.\"<\/p>                                <div class=\"aheto-tm__author\">\n                                    <div class=\"aheto-tm__info\">\n                                        <h4 class=\"aheto-tm__name\">Isabel R,<\/h4><h6 class=\"aheto-tm__position\">COLECCIONISTA DE ARTE<\/h6>                                    <\/div>\n\n                                <\/div>\n                            <\/div>\n\n                        <\/div>\n\n                    <\/div>\n\n                \n            <\/div>\n        <\/div>\n            <\/div>\n\n<\/div>\n\t\t\t\t<\/div>\n\t\t\t\t<\/div>\n\t\t\t\t\t<\/div>\n\t\t<\/div>\n\t\t\t\t\t<\/div>\n\t\t<\/section>\n\t\t\t\t<section class=\"elementor-section elementor-top-section elementor-element elementor-element-18ca1e54 elementor-section-full_width elementor-section-height-default elementor-section-height-default\" data-id=\"18ca1e54\" data-element_type=\"section\" data-e-type=\"section\" data-settings=\"{&quot;background_background&quot;:&quot;classic&quot;}\">\n\t\t\t\t\t\t<div class=\"elementor-container elementor-column-gap-default\">\n\t\t\t\t\t<div class=\"elementor-column elementor-col-100 elementor-top-column elementor-element elementor-element-65a8b38f\" data-id=\"65a8b38f\" data-element_type=\"column\" data-e-type=\"column\">\n\t\t\t<div class=\"elementor-widget-wrap elementor-element-populated\">\n\t\t\t\t\t\t<div class=\"elementor-element elementor-element-38d3cea6 elementor-widget elementor-widget-text-editor\" data-id=\"38d3cea6\" data-element_type=\"widget\" data-e-type=\"widget\" data-widget_type=\"text-editor.default\">\n\t\t\t\t<div class=\"elementor-widget-container\">\n\t\t\t\t\t\t\t\t\t<p>S\u00edguenos en <strong><a href=\"https:\/\/www.instagram.com\/karelsartgallery\/\">@karelsartgallery<\/a><\/strong><\/p>\t\t\t\t\t\t\t\t<\/div>\n\t\t\t\t<\/div>\n\t\t\t\t<div class=\"elementor-element elementor-element-f6f23cc elementor-widget elementor-widget-shortcode\" data-id=\"f6f23cc\" data-element_type=\"widget\" data-e-type=\"widget\" data-widget_type=\"shortcode.default\">\n\t\t\t\t<div class=\"elementor-widget-container\">\n\t\t\t\t\t\t\t<div class=\"elementor-shortcode\">\n<div id=\"sb_instagram\"  class=\"sbi sbi_mob_col_3 sbi_tab_col_3 sbi_col_5 sbi_width_resp\"\t data-feedid=\"*2\"  data-res=\"auto\" data-cols=\"5\" data-colsmobile=\"3\" data-colstablet=\"3\" data-num=\"10\" data-nummobile=\"9\" data-item-padding=\"0\"\t data-shortcode-atts=\"{&quot;feed&quot;:&quot;2&quot;,&quot;cachetime&quot;:30}\"  data-postid=\"9986\" data-locatornonce=\"cda9e86c4d\" data-imageaspectratio=\"1:1\" data-sbi-flags=\"favorLocal,gdpr\">\n\t\n\t<div id=\"sbi_images\" >\n\t\t\t<\/div>\n\n\t<div id=\"sbi_load\" >\n\n\t\n\t\n<\/div>\n\t\t<span class=\"sbi_resized_image_data\" data-feed-id=\"*2\"\n\t\t  data-resized=\"[]\">\n\t<\/span>\n\t<\/div>\n\n<\/div>\n\t\t\t\t\t\t<\/div>\n\t\t\t\t<\/div>\n\t\t\t\t\t<\/div>\n\t\t<\/div>\n\t\t\t\t\t<\/div>\n\t\t<\/section>\n\t\t\t\t<\/div>\n\t\t","protected":false},"excerpt":{"rendered":"<p>Exposiciones &#8220;Arte Na\u00eff en el Hotel Nuevo Boston: una deliciosa sorpresa, colores vivos, atm\u00f3sfera cautivadora.&#8221; Carlos M, COLECCIONISTA DE ARTE &#8220;El Arte Vud\u00fa en V.Code fue un viaje m\u00edstico, visualmente cautivador y espiritualmente energizante.&#8221; Mary L, EXPLORADORA DE ARTE &#8220;Hait\u00ed: Luces y Colores&#8221; en el Hotel Eurostars Central: una celebraci\u00f3n visual, paisajes encantadores.&#8221; Isabel R, [&hellip;]<\/p>\n","protected":false},"author":1,"featured_media":0,"parent":0,"menu_order":0,"comment_status":"closed","ping_status":"closed","template":"","meta":{"_acf_changed":false,"footnotes":""},"class_list":["post-377","page","type-page","status-publish","hentry"],"acf":[],"_links":{"self":[{"href":"https:\/\/karelsartgallery.com\/es\/wp-json\/wp\/v2\/pages\/377","targetHints":{"allow":["GET"]}}],"collection":[{"href":"https:\/\/karelsartgallery.com\/es\/wp-json\/wp\/v2\/pages"}],"about":[{"href":"https:\/\/karelsartgallery.com\/es\/wp-json\/wp\/v2\/types\/page"}],"author":[{"embeddable":true,"href":"https:\/\/karelsartgallery.com\/es\/wp-json\/wp\/v2\/users\/1"}],"replies":[{"embeddable":true,"href":"https:\/\/karelsartgallery.com\/es\/wp-json\/wp\/v2\/comments?post=377"}],"version-history":[{"count":82,"href":"https:\/\/karelsartgallery.com\/es\/wp-json\/wp\/v2\/pages\/377\/revisions"}],"predecessor-version":[{"id":14273,"href":"https:\/\/karelsartgallery.com\/es\/wp-json\/wp\/v2\/pages\/377\/revisions\/14273"}],"wp:attachment":[{"href":"https:\/\/karelsartgallery.com\/es\/wp-json\/wp\/v2\/media?parent=377"}],"curies":[{"name":"wp","href":"https:\/\/api.w.org\/{rel}","templated":true}]}}